{"id":4976,"date":"2023-05-19T15:44:20","date_gmt":"2023-05-19T21:44:20","guid":{"rendered":"https:\/\/lunativa.com.mx\/?page_id=4976"},"modified":"2023-05-25T09:15:47","modified_gmt":"2023-05-25T14:15:47","slug":"reserva-cocina","status":"publish","type":"page","link":"https:\/\/lunativa.com.mx\/en\/reserva-cocina\/","title":{"rendered":"Reserva Cocina"},"content":{"rendered":"<div data-elementor-type=\"wp-page\" data-elementor-id=\"4976\" class=\"elementor elementor-4976\">\n\t\t\t\t\t\t<div class=\"elementor-inner\">\n\t\t\t\t<div class=\"elementor-section-wrap\">\n\t\t\t\t\t\t\t\t\t<section data-particle_enable=\"false\" data-particle-mobile-disabled=\"false\" class=\"elementor-section elementor-top-section elementor-element elementor-element-621fda9e elementor-section-height-min-height elementor-section-boxed elementor-section-height-default elementor-section-items-middle\" data-id=\"621fda9e\" data-element_type=\"section\" data-settings=\"{&quot;background_background&quot;:&quot;classic&quot;}\">\n\t\t\t\t\t\t\t<div class=\"elementor-background-overlay\"><\/div>\n\t\t\t\t\t\t\t<div class=\"elementor-container elementor-column-gap-default\">\n\t\t\t\t\t\t\t<div class=\"elementor-row\">\n\t\t\t\t\t<div class=\"aux-parallax-section elementor-column elementor-col-100 elementor-top-column elementor-element elementor-element-37661cd9\" data-id=\"37661cd9\" data-element_type=\"column\">\n\t\t\t<div class=\"elementor-column-wrap elementor-element-populated\">\n\t\t\t\t\t\t\t<div class=\"elementor-widget-wrap\">\n\t\t\t\t\t\t<div class=\"elementor-element elementor-element-8d91736 text--mobilecenter text-center elementor-widget elementor-widget-tp-advanced-typography\" data-id=\"8d91736\" data-element_type=\"widget\" data-widget_type=\"tp-advanced-typography.default\">\n\t\t\t\t<div class=\"elementor-widget-container\">\n\t\t\t<div id=\"at8d91736\" class=\"pt-plus-adv-typo-wrapper\"><div class=\"pt_plus_adv_typo_block\"><div id=\"advtypo69f4802216767\" class=\"text-content-block   typo_stroke\"  style=\"\"  >RESERVACI\u00d3N INDISPENSABLE\nRESERVATION REQUIRED<\/div><\/div><\/div>\t\t<\/div>\n\t\t\t\t<\/div>\n\t\t\t\t\t\t<\/div>\n\t\t\t\t\t<\/div>\n\t\t<\/div>\n\t\t\t\t\t\t\t\t<\/div>\n\t\t\t\t\t<\/div>\n\t\t<\/section>\n\t\t\t\t<section data-particle_enable=\"false\" data-particle-mobile-disabled=\"false\" class=\"elementor-section elementor-top-section elementor-element elementor-element-8445698 elementor-section-boxed elementor-section-height-default elementor-section-height-default\" data-id=\"8445698\" data-element_type=\"section\">\n\t\t\t\t\t\t<div class=\"elementor-container elementor-column-gap-default\">\n\t\t\t\t\t\t\t<div class=\"elementor-row\">\n\t\t\t\t\t<div class=\"aux-parallax-section elementor-column elementor-col-66 elementor-top-column elementor-element elementor-element-82b7ec8\" data-id=\"82b7ec8\" data-element_type=\"column\">\n\t\t\t<div class=\"elementor-column-wrap elementor-element-populated\">\n\t\t\t\t\t\t\t<div class=\"elementor-widget-wrap\">\n\t\t\t\t\t\t<div class=\"elementor-element elementor-element-dc6a8be elementor-widget elementor-widget-tp-contact-form-7\" data-id=\"dc6a8be\" data-element_type=\"widget\" data-widget_type=\"tp-contact-form-7.default\">\n\t\t\t\t<div class=\"elementor-widget-container\">\n\t\t\t<div class=\"theplus-contact-form style-1 plus-cf7-label text-center\" >\n<div class=\"wpcf7 no-js\" id=\"wpcf7-f5905-o1\" lang=\"es-ES\" dir=\"ltr\">\n<div class=\"screen-reader-response\"><p role=\"status\" aria-live=\"polite\" aria-atomic=\"true\"><\/p> <ul><\/ul><\/div>\n<form action=\"\/en\/wp-json\/wp\/v2\/pages\/4976#wpcf7-f5905-o1\" method=\"post\" class=\"wpcf7-form init\" aria-label=\"Formulario de contacto\" novalidate=\"novalidate\" data-status=\"init\" data-trp-original-action=\"\/en\/wp-json\/wp\/v2\/pages\/4976#wpcf7-f5905-o1\">\n<div style=\"display: none;\">\n<input type=\"hidden\" name=\"_wpcf7\" value=\"5905\" \/>\n<input type=\"hidden\" name=\"_wpcf7_version\" value=\"5.7.6\" \/>\n<input type=\"hidden\" name=\"_wpcf7_locale\" value=\"es_ES\" \/>\n<input type=\"hidden\" name=\"_wpcf7_unit_tag\" value=\"wpcf7-f5905-o1\" \/>\n<input type=\"hidden\" name=\"_wpcf7_container_post\" value=\"0\" \/>\n<input type=\"hidden\" name=\"_wpcf7_posted_data_hash\" value=\"\" \/>\n<\/div>\n<p><label> Select a date \/ Elige la fecha<br \/>\n<span class=\"wpcf7-form-control-wrap\" data-name=\"date-602\"><input class=\"wpcf7-form-control wpcf7-date wpcf7-validates-as-required wpcf7-validates-as-date\" aria-required=\"true\" aria-invalid=\"false\" placeholder=\"\" value=\"\" type=\"date\" name=\"date-602\" \/><\/span> <\/label>\n<\/p>\n<p><label> Persons \/ Personas<br \/>\n<span class=\"wpcf7-form-control-wrap\" data-name=\"number-578\"><input class=\"wpcf7-form-control wpcf7-number wpcf7-validates-as-required wpcf7-validates-as-number\" min=\"2\" max=\"20\" aria-required=\"true\" aria-invalid=\"false\" placeholder=\"2\" value=\"\" type=\"number\" name=\"number-578\" \/><\/span> <\/label>\n<\/p>\n<p><label> Name \/ Nombre<br \/>\n<span class=\"wpcf7-form-control-wrap\" data-name=\"your-name\"><input size=\"40\" class=\"wpcf7-form-control wpcf7-text wpcf7-validates-as-required\" autocomplete=\"name\" aria-required=\"true\" aria-invalid=\"false\" value=\"\" type=\"text\" name=\"your-name\" \/><\/span> <\/label>\n<\/p>\n<p><label> Email \/ Correo<br \/>\n<span class=\"wpcf7-form-control-wrap\" data-name=\"your-email\"><input size=\"40\" class=\"wpcf7-form-control wpcf7-text wpcf7-email wpcf7-validates-as-required wpcf7-validates-as-email\" autocomplete=\"email\" aria-required=\"true\" aria-invalid=\"false\" value=\"\" type=\"email\" name=\"your-email\" \/><\/span> <\/label>\n<\/p>\n<p><label> Questions? \/ \u00bfPreguntas?<br \/>\n<span class=\"wpcf7-form-control-wrap\" data-name=\"your-subject\"><input size=\"40\" class=\"wpcf7-form-control wpcf7-text wpcf7-validates-as-required\" aria-required=\"true\" aria-invalid=\"false\" value=\"\" type=\"text\" name=\"your-subject\" \/><\/span> <\/label>\n<\/p>\n<p><input class=\"wpcf7-form-control has-spinner wpcf7-submit\" type=\"submit\" value=\"Enviar\" \/>\n<\/p><div class=\"wpcf7-response-output\" aria-hidden=\"true\"><\/div>\n<input type=\"hidden\" name=\"trp-form-language\" value=\"en\"\/><\/form>\n<\/div>\n<\/div>\t\t<\/div>\n\t\t\t\t<\/div>\n\t\t\t\t\t\t<\/div>\n\t\t\t\t\t<\/div>\n\t\t<\/div>\n\t\t\t\t<div class=\"aux-parallax-section elementor-column elementor-col-33 elementor-top-column elementor-element elementor-element-495b010\" data-id=\"495b010\" data-element_type=\"column\">\n\t\t\t<div class=\"elementor-column-wrap elementor-element-populated\">\n\t\t\t\t\t\t\t<div class=\"elementor-widget-wrap\">\n\t\t\t\t\t\t<div class=\"elementor-element elementor-element-49a8bd0 elementor-widget elementor-widget-google_maps\" data-id=\"49a8bd0\" data-element_type=\"widget\" data-widget_type=\"google_maps.default\">\n\t\t\t\t<div class=\"elementor-widget-container\">\n\t\t\t\t\t<div class=\"elementor-custom-embed\">\n\t\t\t<iframe loading=\"lazy\"\n\t\t\t\t\tsrc=\"https:\/\/www.google.com\/maps\/embed\/v1\/place?key=AIzaSyA4gUEkWoK6MgZpRoGAS88SZ5E1As4xR5E&#038;q=Lunativa&#038;zoom=14\"\n\t\t\t\t\ttitle=\"Lunativa\"\n\t\t\t\t\taria-label=\"Lunativa\"\n\t\t\t><\/iframe>\n\t\t<\/div>\n\t\t\t\t<\/div>\n\t\t\t\t<\/div>\n\t\t\t\t\t\t<\/div>\n\t\t\t\t\t<\/div>\n\t\t<\/div>\n\t\t\t\t\t\t\t\t<\/div>\n\t\t\t\t\t<\/div>\n\t\t<\/section>\n\t\t\t\t\t\t\t\t\t<\/div>\n\t\t\t<\/div>\n\t\t\t\t\t<\/div>","protected":false},"excerpt":{"rendered":"<p>P\u00e1gina para reservas en la cocina prehisp\u00e1nica de Lunativa. Preguntas frecuentes. Ubicaci\u00f3n.<\/p>","protected":false},"author":1,"featured_media":0,"parent":0,"menu_order":0,"comment_status":"closed","ping_status":"closed","template":"","meta":{"footnotes":""},"class_list":["post-4976","page","type-page","status-publish","hentry"],"_links":{"self":[{"href":"https:\/\/lunativa.com.mx\/en\/wp-json\/wp\/v2\/pages\/4976","targetHints":{"allow":["GET"]}}],"collection":[{"href":"https:\/\/lunativa.com.mx\/en\/wp-json\/wp\/v2\/pages"}],"about":[{"href":"https:\/\/lunativa.com.mx\/en\/wp-json\/wp\/v2\/types\/page"}],"author":[{"embeddable":true,"href":"https:\/\/lunativa.com.mx\/en\/wp-json\/wp\/v2\/users\/1"}],"replies":[{"embeddable":true,"href":"https:\/\/lunativa.com.mx\/en\/wp-json\/wp\/v2\/comments?post=4976"}],"version-history":[{"count":106,"href":"https:\/\/lunativa.com.mx\/en\/wp-json\/wp\/v2\/pages\/4976\/revisions"}],"predecessor-version":[{"id":5924,"href":"https:\/\/lunativa.com.mx\/en\/wp-json\/wp\/v2\/pages\/4976\/revisions\/5924"}],"wp:attachment":[{"href":"https:\/\/lunativa.com.mx\/en\/wp-json\/wp\/v2\/media?parent=4976"}],"curies":[{"name":"wp","href":"https:\/\/api.w.org\/{rel}","templated":true}]}}